{"id":3461,"date":"2022-02-11T09:29:54","date_gmt":"2022-02-11T08:29:54","guid":{"rendered":"https:\/\/dev.voltabox.net\/imprint\/"},"modified":"2025-11-14T09:06:08","modified_gmt":"2025-11-14T08:06:08","slug":"imprint","status":"publish","type":"page","link":"https:\/\/dev.voltabox.net\/en\/imprint\/","title":{"rendered":"Imprint"},"content":{"rendered":"\t\t<div data-elementor-type=\"wp-page\" data-elementor-id=\"3461\" class=\"elementor elementor-3461 elementor-23\">\n\t\t\t\t\t\t<section class=\"has_eae_slider elementor-section elementor-top-section elementor-element elementor-element-bc92cea elementor-section-boxed elementor-section-height-default elementor-section-height-default\" data-eae-slider=\"67464\" data-id=\"bc92cea\" data-element_type=\"section\">\n\t\t\t\t\t\t<div class=\"elementor-container elementor-column-gap-default\">\n\t\t\t\t\t<div class=\"has_eae_slider elementor-column elementor-col-100 elementor-top-column elementor-element elementor-element-a24d434\" data-eae-slider=\"76477\" data-id=\"a24d434\" data-element_type=\"column\">\n\t\t\t<div class=\"elementor-widget-wrap elementor-element-populated\">\n\t\t\t\t\t\t<div class=\"elementor-element elementor-element-00f8d9a elementor-widget elementor-widget-heading\" data-id=\"00f8d9a\" data-element_type=\"widget\" data-widget_type=\"heading.default\">\n\t\t\t\t<div class=\"elementor-widget-container\">\n\t\t\t\t\t<h2 class=\"elementor-heading-title elementor-size-default\">Imprint<\/h2>\t\t\t\t<\/div>\n\t\t\t\t<\/div>\n\t\t\t\t<div class=\"elementor-element elementor-element-1dfa9d1 elementor-widget elementor-widget-text-editor\" data-id=\"1dfa9d1\" data-element_type=\"widget\" data-widget_type=\"text-editor.default\">\n\t\t\t\t<div class=\"elementor-widget-container\">\n\t\t\t\t\t\t\t\t\t<section class=\"elementor-section elementor-top-section elementor-element elementor-element-bff484e elementor-section-boxed elementor-section-height-default elementor-section-height-default\" data-id=\"bff484e\" data-element_type=\"section\" data-settings=\"{\"_ha_eqh_enable\":false}\"><div class=\"elementor-container elementor-column-gap-default\"><div class=\"elementor-column elementor-col-100 elementor-top-column elementor-element elementor-element-adf8007\" data-id=\"adf8007\" data-element_type=\"column\"><div class=\"elementor-widget-wrap elementor-element-populated\"><div class=\"elementor-element elementor-element-6e547b6 elementor-widget elementor-widget-text-editor\" data-id=\"6e547b6\" data-element_type=\"widget\" data-widget_type=\"text-editor.default\"><div class=\"elementor-widget-container\"><section class=\"elementor-section elementor-top-section elementor-element elementor-element-bff484e elementor-section-boxed elementor-section-height-default elementor-section-height-default\" data-id=\"bff484e\" data-element_type=\"section\" data-settings=\"{\"_ha_eqh_enable\":false}\"><div class=\"elementor-container elementor-column-gap-default\"><div class=\"elementor-column elementor-col-100 elementor-top-column elementor-element elementor-element-adf8007\" data-id=\"adf8007\" data-element_type=\"column\"><div class=\"elementor-widget-wrap elementor-element-populated\"><div class=\"elementor-element elementor-element-6e547b6 elementor-widget elementor-widget-text-editor\" data-id=\"6e547b6\" data-element_type=\"widget\" data-widget_type=\"text-editor.default\"><div class=\"elementor-widget-container\"><p>Voltatron AG<br>Fl\u00f6\u00dfaustra\u00dfe 22<br><span data-teams=\"true\">90763 F\u00fcrth<br><\/span>Germany<\/p><p>Commercial register: HRB 22157<br>Register court: F\u00fcrth<\/p><p>Represented by:<br>Martin Hartmann (CEO), Florian Seitz (CFO)<\/p><\/div><\/div><div class=\"elementor-element elementor-element-a903506 elementor-widget elementor-widget-heading\" data-id=\"a903506\" data-element_type=\"widget\" data-widget_type=\"heading.default\"><div class=\"elementor-widget-container\"><h4 class=\"elementor-heading-title elementor-size-default\">Contact us<\/h4><\/div><\/div><div class=\"elementor-element elementor-element-762bc28 elementor-widget elementor-widget-text-editor\" data-id=\"762bc28\" data-element_type=\"widget\" data-widget_type=\"text-editor.default\"><div class=\"elementor-widget-container\"><p>Phone: +49 (0) 911 377 17 500<br>E-mail: <a href=\"mailto:info@voltabox.ag\">info@voltatron.com<\/a><\/p><\/div><\/div><div class=\"elementor-element elementor-element-78e9281 elementor-widget elementor-widget-heading\" data-id=\"78e9281\" data-element_type=\"widget\" data-widget_type=\"heading.default\"><div class=\"elementor-widget-container\"><h4 class=\"elementor-heading-title elementor-size-default\">Sales tax ID<\/h4><\/div><\/div><div class=\"elementor-element elementor-element-bd15e40 elementor-widget elementor-widget-text-editor\" data-id=\"bd15e40\" data-element_type=\"widget\" data-widget_type=\"text-editor.default\"><div class=\"elementor-widget-container\"><p>Value added tax identification number in accordance with \u00a7 27 a of the Value Added Tax Act:<br>DE293878693<\/p><\/div><\/div><div class=\"elementor-element elementor-element-c92cad4 elementor-widget elementor-widget-heading\" data-id=\"c92cad4\" data-element_type=\"widget\" data-widget_type=\"heading.default\"><div class=\"elementor-widget-container\"><h5 class=\"elementor-heading-title elementor-size-default\">Liability for content<\/h5><\/div><\/div><div class=\"elementor-element elementor-element-b1bcb01 elementor-widget elementor-widget-text-editor\" data-id=\"b1bcb01\" data-element_type=\"widget\" data-widget_type=\"text-editor.default\"><div class=\"elementor-widget-container\"><p>As a service provider, we are responsible for our own content on these pages in accordance with Section 7 (1) TMG (German Telemedia Act) and general legislation. According to \u00a7\u00a7 8 to 10 TMG, however, we as a service provider are not obliged to monitor transmitted or stored third-party information or to investigate circumstances that indicate illegal activity.  <\/p><p>Obligations to remove or block the use of information in accordance with general legislation remain unaffected by this. However, liability in this respect is only possible from the time we become aware of a specific infringement. As soon as we become aware of such infringements, we will remove this content immediately.  <\/p><\/div><\/div><div class=\"elementor-element elementor-element-30f4341 elementor-widget elementor-widget-heading\" data-id=\"30f4341\" data-element_type=\"widget\" data-widget_type=\"heading.default\"><div class=\"elementor-widget-container\"><h5 class=\"elementor-heading-title elementor-size-default\">Liability for links<\/h5><\/div><\/div><div class=\"elementor-element elementor-element-d7b7a21 elementor-widget elementor-widget-text-editor\" data-id=\"d7b7a21\" data-element_type=\"widget\" data-widget_type=\"text-editor.default\"><div class=\"elementor-widget-container\"><p>Our website contains links to external third-party websites over whose content we have no influence. Therefore, we cannot accept any liability for this third-party content. The respective provider or operator of the pages is always responsible for the content of the linked pages. The linked pages were checked for possible legal violations at the time of linking. Illegal contents were not recognizable at the time of linking.    <\/p><p>However, permanent monitoring of the content of the linked pages is not reasonable without concrete evidence of an infringement. If we become aware of any legal infringements, we will remove such links immediately. <\/p><\/div><\/div><div class=\"elementor-element elementor-element-a3e32fd elementor-widget elementor-widget-heading\" data-id=\"a3e32fd\" data-element_type=\"widget\" data-widget_type=\"heading.default\"><div class=\"elementor-widget-container\"><h5 class=\"elementor-heading-title elementor-size-default\">Copyright<\/h5><\/div><\/div><div class=\"elementor-element elementor-element-3b66ee7 elementor-widget elementor-widget-text-editor\" data-id=\"3b66ee7\" data-element_type=\"widget\" data-widget_type=\"text-editor.default\"><div class=\"elementor-widget-container\"><p>The content and works created by the site operators on these pages are subject to German copyright law. Duplication, processing, distribution and any form of commercialization of such material beyond the scope of the copyright law shall require the prior written consent of its respective author or creator. Downloads and copies of this site are only permitted for private, non-commercial use.  <\/p><p>Insofar as the content on this site was not created by the operator, the copyrights of third parties are respected. In particular, third-party content is identified as such. Should you nevertheless become aware of a copyright infringement, please inform us accordingly. If we become aware of any infringements, we will remove such content immediately.   <\/p><\/div><\/div><\/div><\/div><\/div><\/section><\/div><\/div><\/div><\/div><\/div><\/section>\t\t\t\t\t\t\t\t<\/div>\n\t\t\t\t<\/div>\n\t\t\t\t\t<\/div>\n\t\t<\/div>\n\t\t\t\t\t<\/div>\n\t\t<\/section>\n\t\t\t\t<\/div>\n\t\t","protected":false},"excerpt":{"rendered":"<p>Imprint Voltatron AGFl\u00f6\u00dfaustra\u00dfe 2290763 F\u00fcrthGermany Commercial register: HRB 22157Register court: F\u00fcrth Represented by:Martin Hartmann (CEO), Florian Seitz (CFO) Contact us Phone: +49 (0) 911 377 17 500E-mail: info@voltatron.com Sales tax ID Value added tax identification number in accordance with \u00a7 27 a of the Value Added Tax Act:DE293878693 Liability for content As a service provider, [&hellip;]<\/p>\n","protected":false},"author":1,"featured_media":0,"parent":0,"menu_order":10,"comment_status":"closed","ping_status":"closed","template":"","meta":{"footnotes":""},"class_list":["post-3461","page","type-page","status-publish","hentry"],"_links":{"self":[{"href":"https:\/\/dev.voltabox.net\/en\/wp-json\/wp\/v2\/pages\/3461","targetHints":{"allow":["GET"]}}],"collection":[{"href":"https:\/\/dev.voltabox.net\/en\/wp-json\/wp\/v2\/pages"}],"about":[{"href":"https:\/\/dev.voltabox.net\/en\/wp-json\/wp\/v2\/types\/page"}],"author":[{"embeddable":true,"href":"https:\/\/dev.voltabox.net\/en\/wp-json\/wp\/v2\/users\/1"}],"replies":[{"embeddable":true,"href":"https:\/\/dev.voltabox.net\/en\/wp-json\/wp\/v2\/comments?post=3461"}],"version-history":[{"count":16,"href":"https:\/\/dev.voltabox.net\/en\/wp-json\/wp\/v2\/pages\/3461\/revisions"}],"predecessor-version":[{"id":7920,"href":"https:\/\/dev.voltabox.net\/en\/wp-json\/wp\/v2\/pages\/3461\/revisions\/7920"}],"wp:attachment":[{"href":"https:\/\/dev.voltabox.net\/en\/wp-json\/wp\/v2\/media?parent=3461"}],"curies":[{"name":"wp","href":"https:\/\/api.w.org\/{rel}","templated":true}]}}